{"id":70,"date":"2015-07-19T21:27:20","date_gmt":"2015-07-19T21:27:20","guid":{"rendered":"http:\/\/www.tantgronbnb.se\/?page_id=70"},"modified":"2026-03-09T21:43:06","modified_gmt":"2026-03-09T20:43:06","slug":"hitta-hit-getting-here","status":"publish","type":"page","link":"https:\/\/www.tantgronbnb.se\/?page_id=70","title":{"rendered":"Hitta hit"},"content":{"rendered":"<p><strong>Med buss eller t\u00e5g:<br \/>\n<\/strong><span style=\"line-height: 1.5;\">Ta buss 11 mot Korsn\u00e4s fr\u00e5n Knutpunkten (h\u00e5llplats I). Stig av vid Hasselv\u00e4gen (10-15 min) och g\u00e5 Hasselv\u00e4gen ner till h\u00f6ger. Efter ca 500 m \u00e4r du p\u00e5 Bj\u00f6rntomtav\u00e4gen. Buss 11 till\/fr\u00e5n centrum och j\u00e4rnv\u00e4gsstation g\u00e5r varje 20 min.\u00a0<\/span><\/p>\n<p>L\u00e4s mer om bussar p\u00e5 <a href=\"http:\/\/www.dalatrafik.se\" target=\"_blank\" rel=\"noopener\">http:\/\/www.dalatrafik.se<\/a><\/p>\n<p><strong>Med bil:<\/strong><br \/>\n<em>Fr\u00e5n \u00f6ster<\/em><br \/>\n<em>E 16 fr\u00e5n G\u00e4vle\/ Rv 69 fr\u00e5n Hedemora:<\/em><br \/>\nF\u00f6lj E 16 mot Oslo\/Falun. Sv\u00e4ng av vid skylten H\u00e4lsingg\u00e5rden. Efter avfarten sv\u00e4ng v\u00e4nster under bron. Sv\u00e4ng sedan h\u00f6ger mot H\u00e4lsingg\u00e5rden. Ta v\u00e4nster i f\u00f6rsta rondellen mot H\u00e4lsingg\u00e5rden, nu \u00e4r du p\u00e5 H\u00e4lsingg\u00e5rdsv\u00e4gen. F\u00f6lj H\u00e4lsingg\u00e5rdsv\u00e4gen ner mot sj\u00f6n. Efter c:a 800 meter (p\u00e5 kr\u00f6net) tar du till v\u00e4nster in p\u00e5 Falhemsv\u00e4gen. \u00c5k ca 300 m, sv\u00e4ng h\u00f6ger p\u00e5 Hasselv\u00e4gen. Efter ca 50 m \u00e4r du p\u00e5 Bj\u00f6rntomtav\u00e4gen.<\/p>\n<p><em>Fr\u00e5n s\u00f6der, v\u00e4ster eller norr<\/em><br \/>\n<em>E 16 fr\u00e5n Borl\u00e4nge\/ Rv 69 fr\u00e5n R\u00e4ttvik\/ Rv 50 fr\u00e5n Bolln\u00e4s\/Alfta:<\/em><br \/>\nF\u00f6lj E 16 mot G\u00e4vle. C:a 3 km efter Lugnets skidstadion kommer avfarten som \u00e4r skyltad H\u00e4lsingg\u00e5rden. Sv\u00e4ng sedan h\u00f6ger mot H\u00e4lsingg\u00e5rden. Ta v\u00e4nster i f\u00f6rsta rondellen mot H\u00e4lsingg\u00e5rden, nu \u00e4r du p\u00e5 H\u00e4lsingg\u00e5rdsv\u00e4gen. F\u00f6lj H\u00e4lsingg\u00e5rdsv\u00e4gen ner mot sj\u00f6n. Efter c:a 800 meter (p\u00e5 kr\u00f6net) tar till v\u00e4nster du in p\u00e5 Falhemsv\u00e4gen. \u00c5k ca 300 m, sv\u00e4ng h\u00f6ger p\u00e5 Hasselv\u00e4gen. Efter ca 50 m \u00e4r du p\u00e5 Bj\u00f6rntomtav\u00e4gen.<\/p>\n<p>Parkering sker p\u00e5 gatan (datumparkering)<\/p>\n<p>&nbsp;<\/p>\n","protected":false},"excerpt":{"rendered":"<p>Med buss eller t\u00e5g: Ta buss 11 mot Korsn\u00e4s fr\u00e5n Knutpunkten (h\u00e5llplats I). Stig av vid Hasselv\u00e4gen (10-15 min) och g\u00e5 Hasselv\u00e4gen ner till h\u00f6ger. Efter ca 500 m \u00e4r du p\u00e5 Bj\u00f6rntomtav\u00e4gen. Buss 11 till\/fr\u00e5n centrum och j\u00e4rnv\u00e4gsstation g\u00e5r varje 20 min.\u00a0 L\u00e4s mer om bussar p\u00e5 http:\/\/www.dalatrafik.se Med bil: Fr\u00e5n \u00f6ster E 16 &hellip; <a href=\"https:\/\/www.tantgronbnb.se\/?page_id=70\" class=\"more-link\">Forts\u00e4tt l\u00e4sa <span class=\"screen-reader-text\">Hitta hit<\/span> <span class=\"meta-nav\">&rarr;<\/span><\/a><\/p>\n","protected":false},"author":1,"featured_media":0,"parent":0,"menu_order":5,"comment_status":"open","ping_status":"open","template":"","meta":{"footnotes":""},"class_list":["post-70","page","type-page","status-publish","hentry"],"_links":{"self":[{"href":"https:\/\/www.tantgronbnb.se\/index.php?rest_route=\/wp\/v2\/pages\/70","targetHints":{"allow":["GET"]}}],"collection":[{"href":"https:\/\/www.tantgronbnb.se\/index.php?rest_route=\/wp\/v2\/pages"}],"about":[{"href":"https:\/\/www.tantgronbnb.se\/index.php?rest_route=\/wp\/v2\/types\/page"}],"author":[{"embeddable":true,"href":"https:\/\/www.tantgronbnb.se\/index.php?rest_route=\/wp\/v2\/users\/1"}],"replies":[{"embeddable":true,"href":"https:\/\/www.tantgronbnb.se\/index.php?rest_route=%2Fwp%2Fv2%2Fcomments&post=70"}],"version-history":[{"count":17,"href":"https:\/\/www.tantgronbnb.se\/index.php?rest_route=\/wp\/v2\/pages\/70\/revisions"}],"predecessor-version":[{"id":461,"href":"https:\/\/www.tantgronbnb.se\/index.php?rest_route=\/wp\/v2\/pages\/70\/revisions\/461"}],"wp:attachment":[{"href":"https:\/\/www.tantgronbnb.se\/index.php?rest_route=%2Fwp%2Fv2%2Fmedia&parent=70"}],"curies":[{"name":"wp","href":"https:\/\/api.w.org\/{rel}","templated":true}]}}