{"id":33,"date":"2015-07-19T13:26:10","date_gmt":"2015-07-19T13:26:10","guid":{"rendered":"http:\/\/www.tantgronbnb.se\/?page_id=33"},"modified":"2026-03-09T21:18:37","modified_gmt":"2026-03-09T20:18:37","slug":"tyra-enkel-eller-dubbelrum-single-or-double-room","status":"publish","type":"page","link":"https:\/\/www.tantgronbnb.se\/?page_id=33","title":{"rendered":"Tyra &#8211; enkel- eller dubbelrum"},"content":{"rendered":"<p>Tyra \u00e4r ett litet fint rum med plats f\u00f6r en eller tv\u00e5 personer i en 140 cm s\u00e4ng. Delat badrum med tv\u00e5 andra rum. Badrummet har dusch, toa, h\u00e5rtork och golvv\u00e4rme. Det finns ekologisk tv\u00e5l och schampo till f\u00f6rfogande. Ekologisk frukost, s\u00e4nglinne och handdukar ing\u00e5r.<\/p>\n<p>Vi tar inte emot husdjur i detta rum. De \u00e4r v\u00e4lkomna i dubbelrummet Svea. <a href=\"https:\/\/www.tantgronbnb.se\/wp-content\/uploads\/2026\/03\/symboler-sjalvhaftande-forbud-hund.jpg\"><img loading=\"lazy\" decoding=\"async\" class=\"alignnone size-thumbnail wp-image-452\" src=\"https:\/\/www.tantgronbnb.se\/wp-content\/uploads\/2026\/03\/symboler-sjalvhaftande-forbud-hund-150x150.jpg\" alt=\"\" width=\"150\" height=\"150\" \/><\/a><\/p>\n<p>&nbsp;<\/p>\n<p><a href=\"https:\/\/www.tantgronbnb.se\/wp-content\/uploads\/2015\/07\/rum140_text.jpg\"><img loading=\"lazy\" decoding=\"async\" class=\"alignnone size-medium wp-image-34\" src=\"https:\/\/www.tantgronbnb.se\/wp-content\/uploads\/2015\/07\/rum140_text-300x220.jpg\" alt=\"rum140_text\" width=\"300\" height=\"220\" srcset=\"https:\/\/www.tantgronbnb.se\/wp-content\/uploads\/2015\/07\/rum140_text-300x220.jpg 300w, https:\/\/www.tantgronbnb.se\/wp-content\/uploads\/2015\/07\/rum140_text-1024x750.jpg 1024w\" sizes=\"auto, (max-width: 300px) 100vw, 300px\" \/><\/a><\/p>\n<p><a href=\"https:\/\/www.tantgronbnb.se\/wp-content\/uploads\/2015\/07\/rum140_bord_text.jpg\"><img loading=\"lazy\" decoding=\"async\" class=\"alignnone size-medium wp-image-35\" src=\"https:\/\/www.tantgronbnb.se\/wp-content\/uploads\/2015\/07\/rum140_bord_text-300x200.jpg\" alt=\"rum140_bord_text\" width=\"300\" height=\"200\" srcset=\"https:\/\/www.tantgronbnb.se\/wp-content\/uploads\/2015\/07\/rum140_bord_text-300x200.jpg 300w, https:\/\/www.tantgronbnb.se\/wp-content\/uploads\/2015\/07\/rum140_bord_text-1024x683.jpg 1024w\" sizes=\"auto, (max-width: 300px) 100vw, 300px\" \/><\/a><\/p>\n<p><a href=\"https:\/\/www.tantgronbnb.se\/wp-content\/uploads\/2015\/07\/rum140_blomma_text.jpg\"><img loading=\"lazy\" decoding=\"async\" class=\"alignnone size-medium wp-image-36\" src=\"https:\/\/www.tantgronbnb.se\/wp-content\/uploads\/2015\/07\/rum140_blomma_text-241x300.jpg\" alt=\"rum140_blomma_text\" width=\"241\" height=\"300\" srcset=\"https:\/\/www.tantgronbnb.se\/wp-content\/uploads\/2015\/07\/rum140_blomma_text-241x300.jpg 241w, https:\/\/www.tantgronbnb.se\/wp-content\/uploads\/2015\/07\/rum140_blomma_text-822x1024.jpg 822w\" sizes=\"auto, (max-width: 241px) 100vw, 241px\" \/><\/a><\/p>\n","protected":false},"excerpt":{"rendered":"<p>Tyra \u00e4r ett litet fint rum med plats f\u00f6r en eller tv\u00e5 personer i en 140 cm s\u00e4ng. Delat badrum med tv\u00e5 andra rum. Badrummet har dusch, toa, h\u00e5rtork och golvv\u00e4rme. Det finns ekologisk tv\u00e5l och schampo till f\u00f6rfogande. Ekologisk frukost, s\u00e4nglinne och handdukar ing\u00e5r. Vi tar inte emot husdjur i detta rum. De \u00e4r &hellip; <a href=\"https:\/\/www.tantgronbnb.se\/?page_id=33\" class=\"more-link\">Forts\u00e4tt l\u00e4sa <span class=\"screen-reader-text\">Tyra &#8211; enkel- eller dubbelrum<\/span> <span class=\"meta-nav\">&rarr;<\/span><\/a><\/p>\n","protected":false},"author":1,"featured_media":0,"parent":59,"menu_order":3,"comment_status":"open","ping_status":"open","template":"","meta":{"footnotes":""},"class_list":["post-33","page","type-page","status-publish","hentry"],"_links":{"self":[{"href":"https:\/\/www.tantgronbnb.se\/index.php?rest_route=\/wp\/v2\/pages\/33","targetHints":{"allow":["GET"]}}],"collection":[{"href":"https:\/\/www.tantgronbnb.se\/index.php?rest_route=\/wp\/v2\/pages"}],"about":[{"href":"https:\/\/www.tantgronbnb.se\/index.php?rest_route=\/wp\/v2\/types\/page"}],"author":[{"embeddable":true,"href":"https:\/\/www.tantgronbnb.se\/index.php?rest_route=\/wp\/v2\/users\/1"}],"replies":[{"embeddable":true,"href":"https:\/\/www.tantgronbnb.se\/index.php?rest_route=%2Fwp%2Fv2%2Fcomments&post=33"}],"version-history":[{"count":14,"href":"https:\/\/www.tantgronbnb.se\/index.php?rest_route=\/wp\/v2\/pages\/33\/revisions"}],"predecessor-version":[{"id":453,"href":"https:\/\/www.tantgronbnb.se\/index.php?rest_route=\/wp\/v2\/pages\/33\/revisions\/453"}],"up":[{"embeddable":true,"href":"https:\/\/www.tantgronbnb.se\/index.php?rest_route=\/wp\/v2\/pages\/59"}],"wp:attachment":[{"href":"https:\/\/www.tantgronbnb.se\/index.php?rest_route=%2Fwp%2Fv2%2Fmedia&parent=33"}],"curies":[{"name":"wp","href":"https:\/\/api.w.org\/{rel}","templated":true}]}}