{"id":17,"date":"2015-07-18T19:24:01","date_gmt":"2015-07-18T19:24:01","guid":{"rendered":"http:\/\/www.tantgronbnb.se\/?page_id=17"},"modified":"2026-03-09T21:09:53","modified_gmt":"2026-03-09T20:09:53","slug":"startsida","status":"publish","type":"page","link":"https:\/\/www.tantgronbnb.se\/","title":{"rendered":"Tant Gr\u00f6n B&#038;B"},"content":{"rendered":"<p><a href=\"https:\/\/www.tantgronbnb.se\/wp-content\/uploads\/2021\/07\/IMG_1034-scaled.jpg\"><img loading=\"lazy\" decoding=\"async\" class=\"alignnone size-large wp-image-408\" src=\"https:\/\/www.tantgronbnb.se\/wp-content\/uploads\/2021\/07\/IMG_1034-1024x768.jpg\" alt=\"Entre\" width=\"604\" height=\"453\" srcset=\"https:\/\/www.tantgronbnb.se\/wp-content\/uploads\/2021\/07\/IMG_1034-1024x768.jpg 1024w, https:\/\/www.tantgronbnb.se\/wp-content\/uploads\/2021\/07\/IMG_1034-300x225.jpg 300w, https:\/\/www.tantgronbnb.se\/wp-content\/uploads\/2021\/07\/IMG_1034-768x576.jpg 768w, https:\/\/www.tantgronbnb.se\/wp-content\/uploads\/2021\/07\/IMG_1034-1536x1152.jpg 1536w, https:\/\/www.tantgronbnb.se\/wp-content\/uploads\/2021\/07\/IMG_1034-2048x1536.jpg 2048w\" sizes=\"auto, (max-width: 604px) 100vw, 604px\" \/><\/a><\/p>\n<p>V\u00e4lkommen till v\u00e5rt lilla, fr\u00e4scha Bed&amp;Breakfast som ligger ca 4 km fr\u00e5n centrala Falun och Lugnet. Vi har tre rum f\u00f6r totalt fem g\u00e4ster. Du sover gott i v\u00e5ra sk\u00f6na s\u00e4ngar och f\u00e5r en m\u00e4ttande frukost med ekologiska\/n\u00e4rproducerade produkter (i m\u00f6jligaste m\u00e5n). Vi har ett nytt k\u00f6k\/matplats d\u00e4r du kan laga mat, g\u00f6ra en kopp kaffe\/te eller bara sitta ner en stund. Vi har <strong>fritt WiFi<\/strong>, men ingen TV. Frukost, s\u00e4nglinne och handdukar ing\u00e5r i priset.<\/p>\n<p>V\u00e5r villa ligger i en lugn del av Falun vid en \u00e5terv\u00e4ndsgata med naturen inp\u00e5 knuten. Vi har endast ca 300 m till sj\u00f6n Runn med ett h\u00e4rligt friluftsliv b\u00e5de sommar och vinter. F\u00f6r dig som vill utforska omgivningarna finns n\u00e5gra cyklar att l\u00e5na.<\/p>\n<h2><strong>Skid-VM 2027<\/strong><\/h2>\n<p><a href=\"https:\/\/www.tantgronbnb.se\/wp-content\/uploads\/2026\/03\/falun2027_neg_horizontal_shadow_fis_rgb-768x224-1.jpg\"><img loading=\"lazy\" decoding=\"async\" class=\"alignnone size-full wp-image-444\" src=\"https:\/\/www.tantgronbnb.se\/wp-content\/uploads\/2026\/03\/falun2027_neg_horizontal_shadow_fis_rgb-768x224-1.jpg\" alt=\"\" width=\"768\" height=\"224\" srcset=\"https:\/\/www.tantgronbnb.se\/wp-content\/uploads\/2026\/03\/falun2027_neg_horizontal_shadow_fis_rgb-768x224-1.jpg 768w, https:\/\/www.tantgronbnb.se\/wp-content\/uploads\/2026\/03\/falun2027_neg_horizontal_shadow_fis_rgb-768x224-1-300x88.jpg 300w\" sizes=\"auto, (max-width: 768px) 100vw, 768px\" \/><\/a>Under VM g\u00e4ller lite andra bokningsregler och priser \u00e4n vanligt. Vi har delat upp VM i tv\u00e5 perioder d\u00e4r du bokar en hel period (minst 5 n\u00e4tter):<\/p>\n<p>Period 1: 24 feb &#8211; 1 mars (m\u00f6jlig ankomst 22 eller 23 feb)<\/p>\n<p>Period 2: 2 mars &#8211; 7 mars (m\u00f6jlig ankomst 1 mars och m\u00f6jlig avresa 8 mars)<\/p>\n<p><strong>Rummen och priser under VM.<\/strong><\/p>\n<p><strong>Svea:<\/strong> dubbelrum med 2*90 cm s\u00e4ngar (=180 cm) kostar 1900 kr\/natt. Extras\u00e4ng i Svea kostar 400 kr\/natt. Hund kostar 200 kr\/vistelse\/hund.<\/p>\n<p><strong>Tyra<\/strong>: enkel-\/dubbelrum med en 140 cm s\u00e4ng. Just nu \u00e4r det bokat hela VM.<\/p>\n<p><strong>Ester<\/strong>: enkelrum med 90 cm s\u00e4ng kostar 1400 kr\/natt.<\/p>\n<p>Bokning sker endast p\u00e5 telefon (073 &#8211; 0203516) eller mail info@tantgronbnb.se<\/p>\n<p>Betalning sker med 10% i f\u00f6rskott vid bokningen (ej \u00e5terbetalningsbart). Resterande betalas 2 veckor innan ankomst.<\/p>\n<p>L\u00e4s mer om Skid-VM och t\u00e4vlingarna d\u00e4r p\u00e5 <a href=\"https:\/\/falun2027.com\/sv\/tavlingar\/world-ski-championships-2027\/\">deras webb<\/a>.<\/p>\n<p>&nbsp;<\/p>\n<p><strong>Hela v\u00e5r villa \u00e4r<\/strong> <strong>r\u00f6kfri<\/strong>.<\/p>\n<p><strong>OBS!! Vi har en hund och tv\u00e5 katter. Vi kan ta emot husdjur i v\u00e5rt st\u00f6rsta rum Svea, men du m\u00e5ste kontakta oss f\u00f6rst!<\/strong><\/p>\n<p><a href=\"https:\/\/www.tantgronbnb.se\/wp-content\/uploads\/2020\/06\/20190608_112046-e1591122488751.jpg\"><img loading=\"lazy\" decoding=\"async\" class=\"alignnone size-medium wp-image-371\" src=\"https:\/\/www.tantgronbnb.se\/wp-content\/uploads\/2020\/06\/20190608_112046-e1591122488751-169x300.jpg\" alt=\"\" width=\"169\" height=\"300\" srcset=\"https:\/\/www.tantgronbnb.se\/wp-content\/uploads\/2020\/06\/20190608_112046-e1591122488751-169x300.jpg 169w, https:\/\/www.tantgronbnb.se\/wp-content\/uploads\/2020\/06\/20190608_112046-e1591122488751-768x1365.jpg 768w, https:\/\/www.tantgronbnb.se\/wp-content\/uploads\/2020\/06\/20190608_112046-e1591122488751-576x1024.jpg 576w\" sizes=\"auto, (max-width: 169px) 100vw, 169px\" \/><\/a><a href=\"https:\/\/www.tantgronbnb.se\/wp-content\/uploads\/2021\/07\/IMG_2173-scaled.jpg\"> \u00a0<\/a><\/p>\n<p><a href=\"https:\/\/www.tantgronbnb.se\/wp-content\/uploads\/2021\/07\/IMG_2173-scaled.jpg\"><img loading=\"lazy\" decoding=\"async\" class=\"alignnone size-medium wp-image-410\" src=\"https:\/\/www.tantgronbnb.se\/wp-content\/uploads\/2021\/07\/IMG_2173-300x225.jpg\" alt=\"\" width=\"300\" height=\"225\" srcset=\"https:\/\/www.tantgronbnb.se\/wp-content\/uploads\/2021\/07\/IMG_2173-300x225.jpg 300w, https:\/\/www.tantgronbnb.se\/wp-content\/uploads\/2021\/07\/IMG_2173-1024x768.jpg 1024w, https:\/\/www.tantgronbnb.se\/wp-content\/uploads\/2021\/07\/IMG_2173-768x576.jpg 768w, https:\/\/www.tantgronbnb.se\/wp-content\/uploads\/2021\/07\/IMG_2173-1536x1152.jpg 1536w, https:\/\/www.tantgronbnb.se\/wp-content\/uploads\/2021\/07\/IMG_2173-2048x1536.jpg 2048w\" sizes=\"auto, (max-width: 300px) 100vw, 300px\" \/> \u00a0<\/a><a href=\"https:\/\/www.tantgronbnb.se\/wp-content\/uploads\/2021\/07\/IMG_2171-scaled.jpg\"><img loading=\"lazy\" decoding=\"async\" class=\"alignnone size-medium wp-image-409\" src=\"https:\/\/www.tantgronbnb.se\/wp-content\/uploads\/2021\/07\/IMG_2171-300x225.jpg\" alt=\"\" width=\"300\" height=\"225\" srcset=\"https:\/\/www.tantgronbnb.se\/wp-content\/uploads\/2021\/07\/IMG_2171-300x225.jpg 300w, https:\/\/www.tantgronbnb.se\/wp-content\/uploads\/2021\/07\/IMG_2171-1024x768.jpg 1024w, https:\/\/www.tantgronbnb.se\/wp-content\/uploads\/2021\/07\/IMG_2171-768x576.jpg 768w, https:\/\/www.tantgronbnb.se\/wp-content\/uploads\/2021\/07\/IMG_2171-1536x1152.jpg 1536w, https:\/\/www.tantgronbnb.se\/wp-content\/uploads\/2021\/07\/IMG_2171-2048x1536.jpg 2048w\" sizes=\"auto, (max-width: 300px) 100vw, 300px\" \/><\/a><\/p>\n<p><a href=\"https:\/\/www.tantgronbnb.se\/wp-content\/uploads\/2020\/06\/20190608_111806-e1591122418755.jpg\"><img loading=\"lazy\" decoding=\"async\" class=\"alignnone size-medium wp-image-370\" src=\"https:\/\/www.tantgronbnb.se\/wp-content\/uploads\/2020\/06\/20190608_111806-e1591122418755-169x300.jpg\" alt=\"\" width=\"169\" height=\"300\" srcset=\"https:\/\/www.tantgronbnb.se\/wp-content\/uploads\/2020\/06\/20190608_111806-e1591122418755-169x300.jpg 169w, https:\/\/www.tantgronbnb.se\/wp-content\/uploads\/2020\/06\/20190608_111806-e1591122418755-768x1365.jpg 768w, https:\/\/www.tantgronbnb.se\/wp-content\/uploads\/2020\/06\/20190608_111806-e1591122418755-576x1024.jpg 576w\" sizes=\"auto, (max-width: 169px) 100vw, 169px\" \/> <\/a><a href=\"https:\/\/www.tantgronbnb.se\/wp-content\/uploads\/2021\/07\/IMG_1030-scaled.jpg\"><img loading=\"lazy\" decoding=\"async\" class=\"alignnone size-medium wp-image-406\" src=\"https:\/\/www.tantgronbnb.se\/wp-content\/uploads\/2021\/07\/IMG_1030-300x225.jpg\" alt=\"\" width=\"300\" height=\"225\" srcset=\"https:\/\/www.tantgronbnb.se\/wp-content\/uploads\/2021\/07\/IMG_1030-300x225.jpg 300w, https:\/\/www.tantgronbnb.se\/wp-content\/uploads\/2021\/07\/IMG_1030-1024x768.jpg 1024w, https:\/\/www.tantgronbnb.se\/wp-content\/uploads\/2021\/07\/IMG_1030-768x576.jpg 768w, https:\/\/www.tantgronbnb.se\/wp-content\/uploads\/2021\/07\/IMG_1030-1536x1152.jpg 1536w, https:\/\/www.tantgronbnb.se\/wp-content\/uploads\/2021\/07\/IMG_1030-2048x1536.jpg 2048w\" sizes=\"auto, (max-width: 300px) 100vw, 300px\" \/><\/a> <a href=\"https:\/\/www.tantgronbnb.se\/wp-content\/uploads\/2021\/07\/IMG_0940-scaled.jpg\"><img loading=\"lazy\" decoding=\"async\" class=\"alignnone size-medium wp-image-412\" src=\"https:\/\/www.tantgronbnb.se\/wp-content\/uploads\/2021\/07\/IMG_0940-300x225.jpg\" alt=\"Frukost\" width=\"300\" height=\"225\" srcset=\"https:\/\/www.tantgronbnb.se\/wp-content\/uploads\/2021\/07\/IMG_0940-300x225.jpg 300w, https:\/\/www.tantgronbnb.se\/wp-content\/uploads\/2021\/07\/IMG_0940-1024x768.jpg 1024w, https:\/\/www.tantgronbnb.se\/wp-content\/uploads\/2021\/07\/IMG_0940-768x576.jpg 768w, https:\/\/www.tantgronbnb.se\/wp-content\/uploads\/2021\/07\/IMG_0940-1536x1152.jpg 1536w, https:\/\/www.tantgronbnb.se\/wp-content\/uploads\/2021\/07\/IMG_0940-2048x1536.jpg 2048w\" sizes=\"auto, (max-width: 300px) 100vw, 300px\" \/><\/a><\/p>\n<p><img loading=\"lazy\" decoding=\"async\" class=\"alignnone size-medium wp-image-20\" src=\"https:\/\/www.tantgronbnb.se\/wp-content\/uploads\/2015\/06\/rum180_text-300x218.jpg\" alt=\"rum180_text\" width=\"200\" height=\"145\" srcset=\"https:\/\/www.tantgronbnb.se\/wp-content\/uploads\/2015\/06\/rum180_text-300x218.jpg 300w, https:\/\/www.tantgronbnb.se\/wp-content\/uploads\/2015\/06\/rum180_text-1024x743.jpg 1024w\" sizes=\"auto, (max-width: 200px) 100vw, 200px\" \/>\u00a0 \u00a0 \u00a0 \u00a0<img loading=\"lazy\" decoding=\"async\" class=\"alignnone wp-image-34\" src=\"https:\/\/www.tantgronbnb.se\/wp-content\/uploads\/2015\/07\/rum140_text-300x220.jpg\" alt=\"rum140_text\" width=\"197\" height=\"144\" srcset=\"https:\/\/www.tantgronbnb.se\/wp-content\/uploads\/2015\/07\/rum140_text-300x220.jpg 300w, https:\/\/www.tantgronbnb.se\/wp-content\/uploads\/2015\/07\/rum140_text-1024x750.jpg 1024w\" sizes=\"auto, (max-width: 197px) 100vw, 197px\" \/> \u00a0<a href=\"https:\/\/www.tantgronbnb.se\/wp-content\/uploads\/2015\/07\/rum90.jpg\"><img loading=\"lazy\" decoding=\"async\" class=\"alignnone wp-image-257\" src=\"https:\/\/www.tantgronbnb.se\/wp-content\/uploads\/2015\/07\/rum90-1024x729.jpg\" alt=\"rum90\" width=\"204\" height=\"145\" srcset=\"https:\/\/www.tantgronbnb.se\/wp-content\/uploads\/2015\/07\/rum90-1024x729.jpg 1024w, https:\/\/www.tantgronbnb.se\/wp-content\/uploads\/2015\/07\/rum90-300x214.jpg 300w\" sizes=\"auto, (max-width: 204px) 100vw, 204px\" \/><\/a><\/p>\n<p><a href=\"https:\/\/www.tantgronbnb.se\/wp-content\/uploads\/2015\/06\/100_4893.jpg\"><img loading=\"lazy\" decoding=\"async\" class=\"alignnone size-medium wp-image-9\" src=\"https:\/\/www.tantgronbnb.se\/wp-content\/uploads\/2015\/06\/100_4893-225x300.jpg\" alt=\"100_4893\" width=\"225\" height=\"300\" srcset=\"https:\/\/www.tantgronbnb.se\/wp-content\/uploads\/2015\/06\/100_4893-225x300.jpg 225w, https:\/\/www.tantgronbnb.se\/wp-content\/uploads\/2015\/06\/100_4893-768x1024.jpg 768w\" sizes=\"auto, (max-width: 225px) 100vw, 225px\" \/>\u00a0\u00a0\u00a0\u00a0\u00a0<\/a>\u00a0<a href=\"https:\/\/www.tantgronbnb.se\/wp-content\/uploads\/2015\/07\/badrum_3.jpg\"><img loading=\"lazy\" decoding=\"async\" class=\"alignnone size-medium wp-image-80\" src=\"https:\/\/www.tantgronbnb.se\/wp-content\/uploads\/2015\/07\/badrum_3-182x300.jpg\" alt=\"badrum_3\" width=\"182\" height=\"300\" srcset=\"https:\/\/www.tantgronbnb.se\/wp-content\/uploads\/2015\/07\/badrum_3-182x300.jpg 182w, https:\/\/www.tantgronbnb.se\/wp-content\/uploads\/2015\/07\/badrum_3-621x1024.jpg 621w\" sizes=\"auto, (max-width: 182px) 100vw, 182px\" \/><\/a>\u00a0\u00a0<a href=\"https:\/\/www.tantgronbnb.se\/wp-content\/uploads\/2015\/07\/badrum_2.jpg\">\u00a0<\/a><\/p>\n<p><a href=\"https:\/\/www.tantgronbnb.se\/wp-content\/uploads\/2015\/07\/skridskoskylt.jpg\"><img loading=\"lazy\" decoding=\"async\" class=\"alignnone size-medium wp-image-227\" src=\"https:\/\/www.tantgronbnb.se\/wp-content\/uploads\/2015\/07\/skridskoskylt-227x300.jpg\" alt=\"skridskoskylt\" width=\"227\" height=\"300\" srcset=\"https:\/\/www.tantgronbnb.se\/wp-content\/uploads\/2015\/07\/skridskoskylt-227x300.jpg 227w, https:\/\/www.tantgronbnb.se\/wp-content\/uploads\/2015\/07\/skridskoskylt-774x1024.jpg 774w\" sizes=\"auto, (max-width: 227px) 100vw, 227px\" \/><\/a>\u00a0<a href=\"https:\/\/www.tantgronbnb.se\/wp-content\/uploads\/2015\/07\/Runn_winter.jpg\"><img loading=\"lazy\" decoding=\"async\" class=\"alignnone size-medium wp-image-230\" src=\"https:\/\/www.tantgronbnb.se\/wp-content\/uploads\/2015\/07\/Runn_winter-300x163.jpg\" alt=\"Runn_winter\" width=\"300\" height=\"163\" srcset=\"https:\/\/www.tantgronbnb.se\/wp-content\/uploads\/2015\/07\/Runn_winter-300x163.jpg 300w, https:\/\/www.tantgronbnb.se\/wp-content\/uploads\/2015\/07\/Runn_winter-1024x555.jpg 1024w\" sizes=\"auto, (max-width: 300px) 100vw, 300px\" \/>\u00a0 <\/a><a href=\"https:\/\/www.tantgronbnb.se\/wp-content\/uploads\/2021\/07\/IMG_9183-scaled.jpg\"><img loading=\"lazy\" decoding=\"async\" class=\"alignnone size-medium wp-image-411\" src=\"https:\/\/www.tantgronbnb.se\/wp-content\/uploads\/2021\/07\/IMG_9183-300x200.jpg\" alt=\"badet\" width=\"300\" height=\"200\" srcset=\"https:\/\/www.tantgronbnb.se\/wp-content\/uploads\/2021\/07\/IMG_9183-300x200.jpg 300w, https:\/\/www.tantgronbnb.se\/wp-content\/uploads\/2021\/07\/IMG_9183-1024x683.jpg 1024w, https:\/\/www.tantgronbnb.se\/wp-content\/uploads\/2021\/07\/IMG_9183-768x512.jpg 768w, https:\/\/www.tantgronbnb.se\/wp-content\/uploads\/2021\/07\/IMG_9183-1536x1024.jpg 1536w, https:\/\/www.tantgronbnb.se\/wp-content\/uploads\/2021\/07\/IMG_9183-2048x1365.jpg 2048w\" sizes=\"auto, (max-width: 300px) 100vw, 300px\" \/><\/a><\/p>\n","protected":false},"excerpt":{"rendered":"<p>V\u00e4lkommen till v\u00e5rt lilla, fr\u00e4scha Bed&amp;Breakfast som ligger ca 4 km fr\u00e5n centrala Falun och Lugnet. Vi har tre rum f\u00f6r totalt fem g\u00e4ster. Du sover gott i v\u00e5ra sk\u00f6na s\u00e4ngar och f\u00e5r en m\u00e4ttande frukost med ekologiska\/n\u00e4rproducerade produkter (i m\u00f6jligaste m\u00e5n). Vi har ett nytt k\u00f6k\/matplats d\u00e4r du kan laga mat, g\u00f6ra en kopp &hellip; <a href=\"https:\/\/www.tantgronbnb.se\/\" class=\"more-link\">Forts\u00e4tt l\u00e4sa <span class=\"screen-reader-text\">Tant Gr\u00f6n B&#038;B<\/span> <span class=\"meta-nav\">&rarr;<\/span><\/a><\/p>\n","protected":false},"author":1,"featured_media":0,"parent":0,"menu_order":1,"comment_status":"open","ping_status":"open","template":"","meta":{"footnotes":""},"class_list":["post-17","page","type-page","status-publish","hentry"],"_links":{"self":[{"href":"https:\/\/www.tantgronbnb.se\/index.php?rest_route=\/wp\/v2\/pages\/17","targetHints":{"allow":["GET"]}}],"collection":[{"href":"https:\/\/www.tantgronbnb.se\/index.php?rest_route=\/wp\/v2\/pages"}],"about":[{"href":"https:\/\/www.tantgronbnb.se\/index.php?rest_route=\/wp\/v2\/types\/page"}],"author":[{"embeddable":true,"href":"https:\/\/www.tantgronbnb.se\/index.php?rest_route=\/wp\/v2\/users\/1"}],"replies":[{"embeddable":true,"href":"https:\/\/www.tantgronbnb.se\/index.php?rest_route=%2Fwp%2Fv2%2Fcomments&post=17"}],"version-history":[{"count":78,"href":"https:\/\/www.tantgronbnb.se\/index.php?rest_route=\/wp\/v2\/pages\/17\/revisions"}],"predecessor-version":[{"id":446,"href":"https:\/\/www.tantgronbnb.se\/index.php?rest_route=\/wp\/v2\/pages\/17\/revisions\/446"}],"wp:attachment":[{"href":"https:\/\/www.tantgronbnb.se\/index.php?rest_route=%2Fwp%2Fv2%2Fmedia&parent=17"}],"curies":[{"name":"wp","href":"https:\/\/api.w.org\/{rel}","templated":true}]}}